{"id":8,"date":"2024-09-04T16:22:31","date_gmt":"2024-09-04T16:22:31","guid":{"rendered":"http:\/\/test.dobre-sprzatanie.pl\/index.php\/koszyk\/"},"modified":"2024-09-04T17:53:04","modified_gmt":"2024-09-04T17:53:04","slug":"koszyk","status":"publish","type":"page","link":"https:\/\/test.dobre-sprzatanie.pl\/index.php\/koszyk\/","title":{"rendered":"Koszyk"},"content":{"rendered":"<div data-block-name=\"woocommerce\/cart\" class=\"wp-block-woocommerce-cart alignwide is-loading\"><div data-block-name=\"woocommerce\/filled-cart-block\" class=\"wp-block-woocommerce-filled-cart-block\"><div data-block-name=\"woocommerce\/cart-items-block\" class=\"wp-block-woocommerce-cart-items-block\"><div data-block-name=\"woocommerce\/cart-line-items-block\" class=\"wp-block-woocommerce-cart-line-items-block\"><\/div>\n\n<div data-block-name=\"woocommerce\/cart-cross-sells-block\" class=\"wp-block-woocommerce-cart-cross-sells-block\"><h2 class=\"wp-block-heading has-large-font-size\">Zobacz inne r\u00f3wnie interesuj\u0105ce\u2026<\/h2>\n\n<div data-block-name=\"woocommerce\/cart-cross-sells-products-block\" class=\"wp-block-woocommerce-cart-cross-sells-products-block\"><\/div><\/div><\/div>\n\n<div data-block-name=\"woocommerce\/cart-totals-block\" class=\"wp-block-woocommerce-cart-totals-block\"><div data-block-name=\"woocommerce\/cart-order-summary-block\" class=\"wp-block-woocommerce-cart-order-summary-block\"><div data-block-name=\"woocommerce\/cart-order-summary-heading-block\" class=\"wp-block-woocommerce-cart-order-summary-heading-block\"><\/div><div data-block-name=\"woocommerce\/cart-order-summary-coupon-form-block\" class=\"wp-block-woocommerce-cart-order-summary-coupon-form-block\"><\/div><div data-block-name=\"woocommerce\/cart-order-summary-totals-block\" class=\"wp-block-woocommerce-cart-order-summary-totals-block\">\n<div data-block-name=\"woocommerce\/cart-order-summary-subtotal-block\" class=\"wp-block-woocommerce-cart-order-summary-subtotal-block\"><\/div>\n<div data-block-name=\"woocommerce\/cart-order-summary-discount-block\" class=\"wp-block-woocommerce-cart-order-summary-discount-block\"><\/div>\n<div data-block-name=\"woocommerce\/cart-order-summary-fee-block\" class=\"wp-block-woocommerce-cart-order-summary-fee-block\"><\/div>\n<div data-block-name=\"woocommerce\/cart-order-summary-shipping-block\" class=\"wp-block-woocommerce-cart-order-summary-shipping-block\"><\/div>\n<div data-block-name=\"woocommerce\/cart-order-summary-taxes-block\" class=\"wp-block-woocommerce-cart-order-summary-taxes-block\"><\/div><\/div><\/div>\n\n<div data-block-name=\"woocommerce\/cart-express-payment-block\" class=\"wp-block-woocommerce-cart-express-payment-block\"><\/div>\n\n<div data-block-name=\"woocommerce\/proceed-to-checkout-block\" class=\"wp-block-woocommerce-proceed-to-checkout-block\"><\/div>\n\n<div data-block-name=\"woocommerce\/cart-accepted-payment-methods-block\" class=\"wp-block-woocommerce-cart-accepted-payment-methods-block\"><\/div><\/div><\/div>\n\n<div data-block-name=\"woocommerce\/empty-cart-block\" class=\"wp-block-woocommerce-empty-cart-block\"><h2 class=\"wp-block-heading has-text-align-center with-empty-cart-icon wc-block-cart__empty-cart__title\">Tw\u00f3j koszyk jest obecnie pusty!<\/h2>\n\n<hr class=\"wp-block-separator has-alpha-channel-opacity is-style-dots\"\/>\n\n<h2 class=\"wp-block-heading has-text-align-center\">Nowe w sklepie<\/h2>\n\n<div data-block-name=\"woocommerce\/product-new\" data-columns=\"4\" data-rows=\"1\" class=\"wc-block-grid wp-block-product-new wc-block-product-new has-4-columns\"><ul class=\"wc-block-grid__products\"><li class=\"wc-block-grid__product\">\n\t\t\t\t<a href=\"https:\/\/test.dobre-sprzatanie.pl\/index.php\/produkt\/lenor-caps-kapsulki-do-prania-spring-awakening-25-szt\/\" class=\"wc-block-grid__product-link\">\n\t\t\t\t\t\n\t\t\t\t\t<div class=\"wc-block-grid__product-image\"><img loading=\"lazy\" decoding=\"async\" width=\"300\" height=\"300\" src=\"https:\/\/test.dobre-sprzatanie.pl\/wp-content\/uploads\/2024\/09\/original_LENOR-CAPS-Kapsulki-do-prania-SPRING-AWAKENING-25-szt_5B10265D_0c20274c9e34-300x300.jpg\" class=\"attachment-woocommerce_thumbnail size-woocommerce_thumbnail\" alt=\"LENOR CAPS Kapsu\u0142ki do prania SPRING AWAKENING 25 szt\" srcset=\"https:\/\/test.dobre-sprzatanie.pl\/wp-content\/uploads\/2024\/09\/original_LENOR-CAPS-Kapsulki-do-prania-SPRING-AWAKENING-25-szt_5B10265D_0c20274c9e34-300x300.jpg 300w, https:\/\/test.dobre-sprzatanie.pl\/wp-content\/uploads\/2024\/09\/original_LENOR-CAPS-Kapsulki-do-prania-SPRING-AWAKENING-25-szt_5B10265D_0c20274c9e34-150x150.jpg 150w, https:\/\/test.dobre-sprzatanie.pl\/wp-content\/uploads\/2024\/09\/original_LENOR-CAPS-Kapsulki-do-prania-SPRING-AWAKENING-25-szt_5B10265D_0c20274c9e34-768x768.jpg 768w, https:\/\/test.dobre-sprzatanie.pl\/wp-content\/uploads\/2024\/09\/original_LENOR-CAPS-Kapsulki-do-prania-SPRING-AWAKENING-25-szt_5B10265D_0c20274c9e34-600x600.jpg 600w, https:\/\/test.dobre-sprzatanie.pl\/wp-content\/uploads\/2024\/09\/original_LENOR-CAPS-Kapsulki-do-prania-SPRING-AWAKENING-25-szt_5B10265D_0c20274c9e34-100x100.jpg 100w, https:\/\/test.dobre-sprzatanie.pl\/wp-content\/uploads\/2024\/09\/original_LENOR-CAPS-Kapsulki-do-prania-SPRING-AWAKENING-25-szt_5B10265D_0c20274c9e34.jpg 800w\" sizes=\"(max-width: 300px) 100vw, 300px\" \/><\/div>\n\t\t\t\t\t<div class=\"wc-block-grid__product-title\">LENOR CAPS Kapsu\u0142ki do prania SPRING AWAKENING 25 szt<\/div>\n\t\t\t\t<\/a>\n\t\t\t\t<div class=\"wc-block-grid__product-price price\"><span class=\"woocommerce-Price-amount amount\">29,99&nbsp;<span class=\"woocommerce-Price-currencySymbol\">&#122;&#322;<\/span><\/span><\/div>\n\t\t\t\t\n\t\t\t\t<div class=\"wp-block-button wc-block-grid__product-add-to-cart\"><a href=\"https:\/\/test.dobre-sprzatanie.pl\/index.php\/produkt\/lenor-caps-kapsulki-do-prania-spring-awakening-25-szt\/\" aria-label=\"Przeczytaj wi\u0119cej o &bdquo;LENOR CAPS Kapsu\u0142ki do prania SPRING AWAKENING 25 szt&rdquo;\" data-quantity=\"1\" data-product_id=\"1053\" data-product_sku=\"LENOR CAPS Kapsu\u0142ki do prania SPRING AWAKENING 25 szt\" data-price=\"29.99\" rel=\"nofollow\" class=\"wp-block-button__link wp-element-button add_to_cart_button\">Dowiedz si\u0119 wi\u0119cej<\/a><\/div>\n\t\t\t<\/li><li class=\"wc-block-grid__product\">\n\t\t\t\t<a href=\"https:\/\/test.dobre-sprzatanie.pl\/index.php\/produkt\/lenor-caps-kapsulki-do-prania-sensitive-25-szt\/\" class=\"wc-block-grid__product-link\">\n\t\t\t\t\t\n\t\t\t\t\t<div class=\"wc-block-grid__product-image\"><img loading=\"lazy\" decoding=\"async\" width=\"300\" height=\"300\" src=\"https:\/\/test.dobre-sprzatanie.pl\/wp-content\/uploads\/2024\/09\/original_LENOR-CAPS-Kapsulki-do-prania-SENSITIVE-25-szt_5B10255D_0c20274c9e34-300x300.jpg\" class=\"attachment-woocommerce_thumbnail size-woocommerce_thumbnail\" alt=\"LENOR CAPS Kapsu\u0142ki do prania SENSITIVE 25 szt\" srcset=\"https:\/\/test.dobre-sprzatanie.pl\/wp-content\/uploads\/2024\/09\/original_LENOR-CAPS-Kapsulki-do-prania-SENSITIVE-25-szt_5B10255D_0c20274c9e34-300x300.jpg 300w, https:\/\/test.dobre-sprzatanie.pl\/wp-content\/uploads\/2024\/09\/original_LENOR-CAPS-Kapsulki-do-prania-SENSITIVE-25-szt_5B10255D_0c20274c9e34-150x150.jpg 150w, https:\/\/test.dobre-sprzatanie.pl\/wp-content\/uploads\/2024\/09\/original_LENOR-CAPS-Kapsulki-do-prania-SENSITIVE-25-szt_5B10255D_0c20274c9e34-100x100.jpg 100w, https:\/\/test.dobre-sprzatanie.pl\/wp-content\/uploads\/2024\/09\/original_LENOR-CAPS-Kapsulki-do-prania-SENSITIVE-25-szt_5B10255D_0c20274c9e34.jpg 360w\" sizes=\"(max-width: 300px) 100vw, 300px\" \/><\/div>\n\t\t\t\t\t<div class=\"wc-block-grid__product-title\">LENOR CAPS Kapsu\u0142ki do prania SENSITIVE 25 szt<\/div>\n\t\t\t\t<\/a>\n\t\t\t\t<div class=\"wc-block-grid__product-price price\"><span class=\"woocommerce-Price-amount amount\">29,99&nbsp;<span class=\"woocommerce-Price-currencySymbol\">&#122;&#322;<\/span><\/span><\/div>\n\t\t\t\t\n\t\t\t\t<div class=\"wp-block-button wc-block-grid__product-add-to-cart\"><a href=\"https:\/\/test.dobre-sprzatanie.pl\/index.php\/produkt\/lenor-caps-kapsulki-do-prania-sensitive-25-szt\/\" aria-label=\"Przeczytaj wi\u0119cej o &bdquo;LENOR CAPS Kapsu\u0142ki do prania SENSITIVE 25 szt&rdquo;\" data-quantity=\"1\" data-product_id=\"1052\" data-product_sku=\"LENOR CAPS Kapsu\u0142ki do prania SENSITIVE 25 szt\" data-price=\"29.99\" rel=\"nofollow\" class=\"wp-block-button__link wp-element-button add_to_cart_button\">Dowiedz si\u0119 wi\u0119cej<\/a><\/div>\n\t\t\t<\/li><li class=\"wc-block-grid__product\">\n\t\t\t\t<a href=\"https:\/\/test.dobre-sprzatanie.pl\/index.php\/produkt\/kulmex-proszek-do-prania-universal-niemiecka-jakosc-47-kg\/\" class=\"wc-block-grid__product-link\">\n\t\t\t\t\t\n\t\t\t\t\t<div class=\"wc-block-grid__product-image\"><img loading=\"lazy\" decoding=\"async\" width=\"300\" height=\"300\" src=\"https:\/\/test.dobre-sprzatanie.pl\/wp-content\/uploads\/2024\/09\/original_KULME-Proszek-do-prania-UNIVERSAL-NIEMIECKA-JAKOSC-4-7-kg_5B6785D_0c20274c9e34-300x300.jpg\" class=\"attachment-woocommerce_thumbnail size-woocommerce_thumbnail\" alt=\"KULMEX Proszek do prania UNIVERSAL NIEMIECKA JAKO\u015a\u0106, 4,7 kg\" srcset=\"https:\/\/test.dobre-sprzatanie.pl\/wp-content\/uploads\/2024\/09\/original_KULME-Proszek-do-prania-UNIVERSAL-NIEMIECKA-JAKOSC-4-7-kg_5B6785D_0c20274c9e34-300x300.jpg 300w, https:\/\/test.dobre-sprzatanie.pl\/wp-content\/uploads\/2024\/09\/original_KULME-Proszek-do-prania-UNIVERSAL-NIEMIECKA-JAKOSC-4-7-kg_5B6785D_0c20274c9e34-150x150.jpg 150w, https:\/\/test.dobre-sprzatanie.pl\/wp-content\/uploads\/2024\/09\/original_KULME-Proszek-do-prania-UNIVERSAL-NIEMIECKA-JAKOSC-4-7-kg_5B6785D_0c20274c9e34-100x100.jpg 100w\" sizes=\"(max-width: 300px) 100vw, 300px\" \/><\/div>\n\t\t\t\t\t<div class=\"wc-block-grid__product-title\">KULMEX Proszek do prania UNIVERSAL NIEMIECKA JAKO\u015a\u0106, 4,7 kg<\/div>\n\t\t\t\t<\/a>\n\t\t\t\t<div class=\"wc-block-grid__product-price price\"><span class=\"woocommerce-Price-amount amount\">27,99&nbsp;<span class=\"woocommerce-Price-currencySymbol\">&#122;&#322;<\/span><\/span><\/div>\n\t\t\t\t\n\t\t\t\t<div class=\"wp-block-button wc-block-grid__product-add-to-cart\"><a href=\"https:\/\/test.dobre-sprzatanie.pl\/index.php\/produkt\/kulmex-proszek-do-prania-universal-niemiecka-jakosc-47-kg\/\" aria-label=\"Przeczytaj wi\u0119cej o &bdquo;KULMEX Proszek do prania UNIVERSAL NIEMIECKA JAKO\u015a\u0106, 4,7 kg&rdquo;\" data-quantity=\"1\" data-product_id=\"1051\" data-product_sku=\"KULMEX Proszek do prania UNIVERSAL NIEMIECKA JAKO\u015a\u0106, 4,7 kg\" data-price=\"27.99\" rel=\"nofollow\" class=\"wp-block-button__link wp-element-button add_to_cart_button\">Dowiedz si\u0119 wi\u0119cej<\/a><\/div>\n\t\t\t<\/li><li class=\"wc-block-grid__product\">\n\t\t\t\t<a href=\"https:\/\/test.dobre-sprzatanie.pl\/index.php\/produkt\/kulmex-proszek-do-prania-universal-niemiecka-jakosc-14-kg\/\" class=\"wc-block-grid__product-link\">\n\t\t\t\t\t\n\t\t\t\t\t<div class=\"wc-block-grid__product-image\"><img loading=\"lazy\" decoding=\"async\" width=\"300\" height=\"300\" src=\"https:\/\/test.dobre-sprzatanie.pl\/wp-content\/uploads\/2024\/09\/original_KULME-Proszek-do-prania-UNIVERSAL-NIEMIECKA-JAKOSC-1-4-kg_5B6765D_0c20274c9e34-300x300.jpg\" class=\"attachment-woocommerce_thumbnail size-woocommerce_thumbnail\" alt=\"KULMEX Proszek do prania UNIVERSAL NIEMIECKA JAKO\u015a\u0106, 1,4 kg\" srcset=\"https:\/\/test.dobre-sprzatanie.pl\/wp-content\/uploads\/2024\/09\/original_KULME-Proszek-do-prania-UNIVERSAL-NIEMIECKA-JAKOSC-1-4-kg_5B6765D_0c20274c9e34-300x300.jpg 300w, https:\/\/test.dobre-sprzatanie.pl\/wp-content\/uploads\/2024\/09\/original_KULME-Proszek-do-prania-UNIVERSAL-NIEMIECKA-JAKOSC-1-4-kg_5B6765D_0c20274c9e34-150x150.jpg 150w, https:\/\/test.dobre-sprzatanie.pl\/wp-content\/uploads\/2024\/09\/original_KULME-Proszek-do-prania-UNIVERSAL-NIEMIECKA-JAKOSC-1-4-kg_5B6765D_0c20274c9e34-100x100.jpg 100w\" sizes=\"(max-width: 300px) 100vw, 300px\" \/><\/div>\n\t\t\t\t\t<div class=\"wc-block-grid__product-title\">KULMEX Proszek do prania UNIVERSAL NIEMIECKA JAKO\u015a\u0106, 1,4 kg<\/div>\n\t\t\t\t<\/a>\n\t\t\t\t<div class=\"wc-block-grid__product-price price\"><span class=\"woocommerce-Price-amount amount\">10,98&nbsp;<span class=\"woocommerce-Price-currencySymbol\">&#122;&#322;<\/span><\/span><\/div>\n\t\t\t\t\n\t\t\t\t<div class=\"wp-block-button wc-block-grid__product-add-to-cart\"><a href=\"https:\/\/test.dobre-sprzatanie.pl\/index.php\/produkt\/kulmex-proszek-do-prania-universal-niemiecka-jakosc-14-kg\/\" aria-label=\"Przeczytaj wi\u0119cej o &bdquo;KULMEX Proszek do prania UNIVERSAL NIEMIECKA JAKO\u015a\u0106, 1,4 kg&rdquo;\" data-quantity=\"1\" data-product_id=\"1050\" data-product_sku=\"KULMEX Proszek do prania UNIVERSAL NIEMIECKA JAKO\u015a\u0106, 1,4 kg\" data-price=\"10.98\" rel=\"nofollow\" class=\"wp-block-button__link wp-element-button add_to_cart_button\">Dowiedz si\u0119 wi\u0119cej<\/a><\/div>\n\t\t\t<\/li><\/ul><\/div><\/div><\/div>","protected":false},"excerpt":{"rendered":"","protected":false},"author":1,"featured_media":0,"parent":0,"menu_order":0,"comment_status":"closed","ping_status":"closed","template":"","meta":{"footnotes":""},"class_list":["post-8","page","type-page","status-publish","hentry"],"_links":{"self":[{"href":"https:\/\/test.dobre-sprzatanie.pl\/index.php\/wp-json\/wp\/v2\/pages\/8"}],"collection":[{"href":"https:\/\/test.dobre-sprzatanie.pl\/index.php\/wp-json\/wp\/v2\/pages"}],"about":[{"href":"https:\/\/test.dobre-sprzatanie.pl\/index.php\/wp-json\/wp\/v2\/types\/page"}],"author":[{"embeddable":true,"href":"https:\/\/test.dobre-sprzatanie.pl\/index.php\/wp-json\/wp\/v2\/users\/1"}],"replies":[{"embeddable":true,"href":"https:\/\/test.dobre-sprzatanie.pl\/index.php\/wp-json\/wp\/v2\/comments?post=8"}],"version-history":[{"count":1,"href":"https:\/\/test.dobre-sprzatanie.pl\/index.php\/wp-json\/wp\/v2\/pages\/8\/revisions"}],"predecessor-version":[{"id":1084,"href":"https:\/\/test.dobre-sprzatanie.pl\/index.php\/wp-json\/wp\/v2\/pages\/8\/revisions\/1084"}],"wp:attachment":[{"href":"https:\/\/test.dobre-sprzatanie.pl\/index.php\/wp-json\/wp\/v2\/media?parent=8"}],"curies":[{"name":"wp","href":"https:\/\/api.w.org\/{rel}","templated":true}]}}