{"id":15,"date":"2024-09-04T16:54:50","date_gmt":"2024-09-04T16:54:50","guid":{"rendered":"http:\/\/test.dobre-sprzatanie.pl\/?post_type=product&#038;p=15"},"modified":"2024-09-04T16:54:54","modified_gmt":"2024-09-04T16:54:54","slug":"4u-mydlo-w-plynie-biale-kanister-5-l","status":"publish","type":"product","link":"https:\/\/test.dobre-sprzatanie.pl\/index.php\/produkt\/4u-mydlo-w-plynie-biale-kanister-5-l\/","title":{"rendered":"4U Myd\u0142o w p\u0142ynie bia\u0142e, kanister 5 L"},"content":{"rendered":"","protected":false},"excerpt":{"rendered":"","protected":false},"featured_media":44,"comment_status":"open","ping_status":"closed","template":"","meta":[],"product_cat":[18],"product_tag":[],"class_list":{"0":"post-15","1":"product","2":"type-product","3":"status-publish","4":"has-post-thumbnail","6":"product_cat-artykuly-higieniczne-mydla","8":"first","9":"outofstock","10":"shipping-taxable","11":"purchasable","12":"product-type-simple"},"_links":{"self":[{"href":"https:\/\/test.dobre-sprzatanie.pl\/index.php\/wp-json\/wp\/v2\/product\/15"}],"collection":[{"href":"https:\/\/test.dobre-sprzatanie.pl\/index.php\/wp-json\/wp\/v2\/product"}],"about":[{"href":"https:\/\/test.dobre-sprzatanie.pl\/index.php\/wp-json\/wp\/v2\/types\/product"}],"replies":[{"embeddable":true,"href":"https:\/\/test.dobre-sprzatanie.pl\/index.php\/wp-json\/wp\/v2\/comments?post=15"}],"wp:featuredmedia":[{"embeddable":true,"href":"https:\/\/test.dobre-sprzatanie.pl\/index.php\/wp-json\/wp\/v2\/media\/44"}],"wp:attachment":[{"href":"https:\/\/test.dobre-sprzatanie.pl\/index.php\/wp-json\/wp\/v2\/media?parent=15"}],"wp:term":[{"taxonomy":"product_cat","embeddable":true,"href":"https:\/\/test.dobre-sprzatanie.pl\/index.php\/wp-json\/wp\/v2\/product_cat?post=15"},{"taxonomy":"product_tag","embeddable":true,"href":"https:\/\/test.dobre-sprzatanie.pl\/index.php\/wp-json\/wp\/v2\/product_tag?post=15"}],"curies":[{"name":"wp","href":"https:\/\/api.w.org\/{rel}","templated":true}]}}