{"id":23,"date":"2024-09-04T16:54:51","date_gmt":"2024-09-04T16:54:51","guid":{"rendered":"http:\/\/test.dobre-sprzatanie.pl\/?post_type=product&#038;p=23"},"modified":"2024-09-04T16:54:57","modified_gmt":"2024-09-04T16:54:57","slug":"4u-plyn-do-kapieli-zielone-jabluszko-1l","status":"publish","type":"product","link":"https:\/\/test.dobre-sprzatanie.pl\/index.php\/produkt\/4u-plyn-do-kapieli-zielone-jabluszko-1l\/","title":{"rendered":"4U P\u0142yn do k\u0105pieli ZIELONE JAB\u0141USZKO 1L"},"content":{"rendered":"","protected":false},"excerpt":{"rendered":"","protected":false},"featured_media":52,"comment_status":"open","ping_status":"closed","template":"","meta":[],"product_cat":[19],"product_tag":[],"class_list":{"0":"post-23","1":"product","2":"type-product","3":"status-publish","4":"has-post-thumbnail","6":"product_cat-higiena-osobista-zele-pod-prysznic","8":"first","9":"instock","10":"shipping-taxable","11":"purchasable","12":"product-type-simple"},"_links":{"self":[{"href":"https:\/\/test.dobre-sprzatanie.pl\/index.php\/wp-json\/wp\/v2\/product\/23"}],"collection":[{"href":"https:\/\/test.dobre-sprzatanie.pl\/index.php\/wp-json\/wp\/v2\/product"}],"about":[{"href":"https:\/\/test.dobre-sprzatanie.pl\/index.php\/wp-json\/wp\/v2\/types\/product"}],"replies":[{"embeddable":true,"href":"https:\/\/test.dobre-sprzatanie.pl\/index.php\/wp-json\/wp\/v2\/comments?post=23"}],"wp:featuredmedia":[{"embeddable":true,"href":"https:\/\/test.dobre-sprzatanie.pl\/index.php\/wp-json\/wp\/v2\/media\/52"}],"wp:attachment":[{"href":"https:\/\/test.dobre-sprzatanie.pl\/index.php\/wp-json\/wp\/v2\/media?parent=23"}],"wp:term":[{"taxonomy":"product_cat","embeddable":true,"href":"https:\/\/test.dobre-sprzatanie.pl\/index.php\/wp-json\/wp\/v2\/product_cat?post=23"},{"taxonomy":"product_tag","embeddable":true,"href":"https:\/\/test.dobre-sprzatanie.pl\/index.php\/wp-json\/wp\/v2\/product_tag?post=23"}],"curies":[{"name":"wp","href":"https:\/\/api.w.org\/{rel}","templated":true}]}}